{"id":62,"date":"2015-07-15T15:41:52","date_gmt":"2015-07-15T13:41:52","guid":{"rendered":"http:\/\/www.capology.de\/?page_id=62"},"modified":"2025-07-08T13:56:57","modified_gmt":"2025-07-08T11:56:57","slug":"impressum","status":"publish","type":"page","link":"https:\/\/www.da-pietro.de\/?page_id=62","title":{"rendered":"Impressum"},"content":{"rendered":"<p style=\"text-align: center;\"><strong>Da Pietro Catering<br \/>Inhaber: Salvatore Corrado<br \/>Paternusstra\u00dfe 3a<br \/>67551 Worms-Pfeddersheim<\/strong><\/p>\n<p style=\"text-align: center;\">Tel.: 06247-7244<\/p>\n<p style=\"text-align: center;\"><small>Mit dem Urteil vom 12. Mai 1998 hat das Landgericht Hamburg entschieden, das man durch die Ausbringung eines Links die Inhalte der gelinkten Seite ggf. zu verantworten hat. Dies kann &#8211; so das Landgericht &#8211; nur dadurch verhindert werden, dass man sich ausdr\u00fccklich von diesen Inhalten distanziert. Hier auf meinen Seiten findet Ihr teilweise Links zu anderen Seiten. F\u00fcr die gelinkten Seiten \u00fcbernehme ich keinerlei Verantwortung und betone, dass ich keinen Einfluss auf die Gestaltung dieser Seiten habe.<\/small><\/p>\n<p style=\"text-align: center;\"><strong>Herausgeber und verantwortlich f\u00fcr den Inhalt der Webseite<\/strong><\/p>\n<p style=\"text-align: center;\">Salvatore Corrado | Paternusstr. 3a | 67551 Worms-Pfeddersheim<\/p>\n\n<div class=\"wp-block-image\">\n<figure class=\"aligncenter size-large\"><img loading=\"lazy\" decoding=\"async\" width=\"530\" height=\"530\" src=\"https:\/\/www.da-pietro.de\/wp-content\/uploads\/2022\/03\/Pietro.jpg\" alt=\"\" class=\"wp-image-857\" srcset=\"https:\/\/www.da-pietro.de\/wp-content\/uploads\/2022\/03\/Pietro.jpg 530w, https:\/\/www.da-pietro.de\/wp-content\/uploads\/2022\/03\/Pietro-300x300.jpg 300w, https:\/\/www.da-pietro.de\/wp-content\/uploads\/2022\/03\/Pietro-150x150.jpg 150w\" sizes=\"auto, (max-width: 530px) 100vw, 530px\" \/><figcaption class=\"wp-element-caption\"><strong>IN GEDENKEN AN PIETRO CORRADO <\/strong><\/figcaption><\/figure><\/div>","protected":false},"excerpt":{"rendered":"<p>Da Pietro CateringInhaber: Salvatore CorradoPaternusstra\u00dfe 3a67551 Worms-Pfeddersheim Tel.: 06247-7244 Mit dem Urteil vom 12. Mai 1998 hat das Landgericht Hamburg entschieden, das man durch die Ausbringung eines Links die Inhalte der gelinkten Seite ggf. zu verantworten hat. Dies kann &#8211; so das Landgericht &#8211; nur dadurch verhindert werden, dass man sich ausdr\u00fccklich von diesen Inhalten distanziert. Hier auf meinen Seiten [&hellip;]<\/p>\n","protected":false},"author":1,"featured_media":0,"parent":0,"menu_order":6,"comment_status":"closed","ping_status":"closed","template":"","meta":{"footnotes":""},"class_list":["post-62","page","type-page","status-publish","hentry"],"yoast_head":"<!-- This site is optimized with the Yoast SEO plugin v25.4 - https:\/\/yoast.com\/wordpress\/plugins\/seo\/ -->\n<title>Da Pietro Worms Impresum italienisch deutsche k\u00fcche<\/title>\n<meta name=\"description\" content=\"Da Pietro Worms Impresum italienisch deutsche k\u00fcche pasta pizza\" \/>\n<meta name=\"robots\" content=\"index, follow, max-snippet:-1, max-image-preview:large, max-video-preview:-1\" \/>\n<link rel=\"canonical\" href=\"https:\/\/www.da-pietro.de\/?page_id=62\" \/>\n<meta property=\"og:locale\" content=\"de_DE\" \/>\n<meta property=\"og:type\" content=\"article\" \/>\n<meta property=\"og:title\" content=\"Da Pietro Worms Impresum italienisch deutsche k\u00fcche\" \/>\n<meta property=\"og:description\" content=\"Da Pietro Worms Impresum italienisch deutsche k\u00fcche pasta pizza\" \/>\n<meta property=\"og:url\" content=\"https:\/\/www.da-pietro.de\/?page_id=62\" \/>\n<meta property=\"article:modified_time\" content=\"2025-07-08T11:56:57+00:00\" \/>\n<meta property=\"og:image\" content=\"https:\/\/www.da-pietro.de\/wp-content\/uploads\/2022\/03\/Pietro.jpg\" \/>\n\t<meta property=\"og:image:width\" content=\"530\" \/>\n\t<meta property=\"og:image:height\" content=\"530\" \/>\n\t<meta property=\"og:image:type\" content=\"image\/jpeg\" \/>\n<meta name=\"twitter:card\" content=\"summary_large_image\" \/>\n<meta name=\"twitter:label1\" content=\"Gesch\u00e4tzte Lesezeit\" \/>\n\t<meta name=\"twitter:data1\" content=\"1\u00a0Minute\" \/>\n<script type=\"application\/ld+json\" class=\"yoast-schema-graph\">{\"@context\":\"https:\/\/schema.org\",\"@graph\":[{\"@type\":\"WebPage\",\"@id\":\"https:\/\/www.da-pietro.de\/?page_id=62\",\"url\":\"https:\/\/www.da-pietro.de\/?page_id=62\",\"name\":\"Da Pietro Worms Impresum italienisch deutsche k\u00fcche\",\"isPartOf\":{\"@id\":\"https:\/\/www.da-pietro.de\/#website\"},\"primaryImageOfPage\":{\"@id\":\"https:\/\/www.da-pietro.de\/?page_id=62#primaryimage\"},\"image\":{\"@id\":\"https:\/\/www.da-pietro.de\/?page_id=62#primaryimage\"},\"thumbnailUrl\":\"https:\/\/www.da-pietro.de\/wp-content\/uploads\/2022\/03\/Pietro.jpg\",\"datePublished\":\"2015-07-15T13:41:52+00:00\",\"dateModified\":\"2025-07-08T11:56:57+00:00\",\"description\":\"Da Pietro Worms Impresum italienisch deutsche k\u00fcche pasta pizza\",\"breadcrumb\":{\"@id\":\"https:\/\/www.da-pietro.de\/?page_id=62#breadcrumb\"},\"inLanguage\":\"de\",\"potentialAction\":[{\"@type\":\"ReadAction\",\"target\":[\"https:\/\/www.da-pietro.de\/?page_id=62\"]}]},{\"@type\":\"ImageObject\",\"inLanguage\":\"de\",\"@id\":\"https:\/\/www.da-pietro.de\/?page_id=62#primaryimage\",\"url\":\"https:\/\/www.da-pietro.de\/wp-content\/uploads\/2022\/03\/Pietro.jpg\",\"contentUrl\":\"https:\/\/www.da-pietro.de\/wp-content\/uploads\/2022\/03\/Pietro.jpg\",\"width\":530,\"height\":530},{\"@type\":\"BreadcrumbList\",\"@id\":\"https:\/\/www.da-pietro.de\/?page_id=62#breadcrumb\",\"itemListElement\":[{\"@type\":\"ListItem\",\"position\":1,\"name\":\"Home\",\"item\":\"https:\/\/www.da-pietro.de\/\"},{\"@type\":\"ListItem\",\"position\":2,\"name\":\"Impressum\"}]},{\"@type\":\"WebSite\",\"@id\":\"https:\/\/www.da-pietro.de\/#website\",\"url\":\"https:\/\/www.da-pietro.de\/\",\"name\":\"\",\"description\":\"Da Pietro Catering Worms\",\"potentialAction\":[{\"@type\":\"SearchAction\",\"target\":{\"@type\":\"EntryPoint\",\"urlTemplate\":\"https:\/\/www.da-pietro.de\/?s={search_term_string}\"},\"query-input\":{\"@type\":\"PropertyValueSpecification\",\"valueRequired\":true,\"valueName\":\"search_term_string\"}}],\"inLanguage\":\"de\"}]}<\/script>\n<!-- \/ Yoast SEO plugin. -->","yoast_head_json":{"title":"Da Pietro Worms Impresum italienisch deutsche k\u00fcche","description":"Da Pietro Worms Impresum italienisch deutsche k\u00fcche pasta pizza","robots":{"index":"index","follow":"follow","max-snippet":"max-snippet:-1","max-image-preview":"max-image-preview:large","max-video-preview":"max-video-preview:-1"},"canonical":"https:\/\/www.da-pietro.de\/?page_id=62","og_locale":"de_DE","og_type":"article","og_title":"Da Pietro Worms Impresum italienisch deutsche k\u00fcche","og_description":"Da Pietro Worms Impresum italienisch deutsche k\u00fcche pasta pizza","og_url":"https:\/\/www.da-pietro.de\/?page_id=62","article_modified_time":"2025-07-08T11:56:57+00:00","og_image":[{"width":530,"height":530,"url":"https:\/\/www.da-pietro.de\/wp-content\/uploads\/2022\/03\/Pietro.jpg","type":"image\/jpeg"}],"twitter_card":"summary_large_image","twitter_misc":{"Gesch\u00e4tzte Lesezeit":"1\u00a0Minute"},"schema":{"@context":"https:\/\/schema.org","@graph":[{"@type":"WebPage","@id":"https:\/\/www.da-pietro.de\/?page_id=62","url":"https:\/\/www.da-pietro.de\/?page_id=62","name":"Da Pietro Worms Impresum italienisch deutsche k\u00fcche","isPartOf":{"@id":"https:\/\/www.da-pietro.de\/#website"},"primaryImageOfPage":{"@id":"https:\/\/www.da-pietro.de\/?page_id=62#primaryimage"},"image":{"@id":"https:\/\/www.da-pietro.de\/?page_id=62#primaryimage"},"thumbnailUrl":"https:\/\/www.da-pietro.de\/wp-content\/uploads\/2022\/03\/Pietro.jpg","datePublished":"2015-07-15T13:41:52+00:00","dateModified":"2025-07-08T11:56:57+00:00","description":"Da Pietro Worms Impresum italienisch deutsche k\u00fcche pasta pizza","breadcrumb":{"@id":"https:\/\/www.da-pietro.de\/?page_id=62#breadcrumb"},"inLanguage":"de","potentialAction":[{"@type":"ReadAction","target":["https:\/\/www.da-pietro.de\/?page_id=62"]}]},{"@type":"ImageObject","inLanguage":"de","@id":"https:\/\/www.da-pietro.de\/?page_id=62#primaryimage","url":"https:\/\/www.da-pietro.de\/wp-content\/uploads\/2022\/03\/Pietro.jpg","contentUrl":"https:\/\/www.da-pietro.de\/wp-content\/uploads\/2022\/03\/Pietro.jpg","width":530,"height":530},{"@type":"BreadcrumbList","@id":"https:\/\/www.da-pietro.de\/?page_id=62#breadcrumb","itemListElement":[{"@type":"ListItem","position":1,"name":"Home","item":"https:\/\/www.da-pietro.de\/"},{"@type":"ListItem","position":2,"name":"Impressum"}]},{"@type":"WebSite","@id":"https:\/\/www.da-pietro.de\/#website","url":"https:\/\/www.da-pietro.de\/","name":"","description":"Da Pietro Catering Worms","potentialAction":[{"@type":"SearchAction","target":{"@type":"EntryPoint","urlTemplate":"https:\/\/www.da-pietro.de\/?s={search_term_string}"},"query-input":{"@type":"PropertyValueSpecification","valueRequired":true,"valueName":"search_term_string"}}],"inLanguage":"de"}]}},"_links":{"self":[{"href":"https:\/\/www.da-pietro.de\/index.php?rest_route=\/wp\/v2\/pages\/62","targetHints":{"allow":["GET"]}}],"collection":[{"href":"https:\/\/www.da-pietro.de\/index.php?rest_route=\/wp\/v2\/pages"}],"about":[{"href":"https:\/\/www.da-pietro.de\/index.php?rest_route=\/wp\/v2\/types\/page"}],"author":[{"embeddable":true,"href":"https:\/\/www.da-pietro.de\/index.php?rest_route=\/wp\/v2\/users\/1"}],"replies":[{"embeddable":true,"href":"https:\/\/www.da-pietro.de\/index.php?rest_route=%2Fwp%2Fv2%2Fcomments&post=62"}],"version-history":[{"count":10,"href":"https:\/\/www.da-pietro.de\/index.php?rest_route=\/wp\/v2\/pages\/62\/revisions"}],"predecessor-version":[{"id":1178,"href":"https:\/\/www.da-pietro.de\/index.php?rest_route=\/wp\/v2\/pages\/62\/revisions\/1178"}],"wp:attachment":[{"href":"https:\/\/www.da-pietro.de\/index.php?rest_route=%2Fwp%2Fv2%2Fmedia&parent=62"}],"curies":[{"name":"wp","href":"https:\/\/api.w.org\/{rel}","templated":true}]}}